{"id":186,"date":"2017-01-27T18:35:54","date_gmt":"2017-01-27T17:35:54","guid":{"rendered":"http:\/\/www.unifutbol.com\/blog\/?page_id=186"},"modified":"2017-02-02T12:54:13","modified_gmt":"2017-02-02T11:54:13","slug":"uf-challenge","status":"publish","type":"page","link":"https:\/\/www.unifutbol.com\/blog\/uf-challenge\/","title":{"rendered":"UF Challenge"},"content":{"rendered":"<p><img loading=\"lazy\" decoding=\"async\" class=\"aligncenter wp-image-240\" src=\"https:\/\/www.unifutbol.com\/blog\/wp-content\/uploads\/2017\/01\/uf.challenge-300x225.png\" alt=\"\" width=\"248\" height=\"186\" srcset=\"https:\/\/www.unifutbol.com\/blog\/wp-content\/uploads\/2017\/01\/uf.challenge-300x225.png 300w, https:\/\/www.unifutbol.com\/blog\/wp-content\/uploads\/2017\/01\/uf.challenge-768x576.png 768w, https:\/\/www.unifutbol.com\/blog\/wp-content\/uploads\/2017\/01\/uf.challenge-1024x768.png 1024w, https:\/\/www.unifutbol.com\/blog\/wp-content\/uploads\/2017\/01\/uf.challenge-400x300.png 400w, https:\/\/www.unifutbol.com\/blog\/wp-content\/uploads\/2017\/01\/uf.challenge.png 1030w\" sizes=\"auto, (max-width: 248px) 100vw, 248px\" \/>UF-Challenge es una nueva iniciativa del equipo UNIFUTBOL\u00ae. Ponemos a tu disposici\u00f3n partidas descargables para que las abras en tu juego, y demuestres lo que vales cumpliendo los objetivos marcados: salvar a un equipo en situaci\u00f3n cr\u00edtica del descenso, ganar la Champions remontando una eliminatoria complicada, o continuar nuestras partidas de los directos son s\u00f3lo un ejemplo.. Todo un reto, \u00bfno?<\/p>\n<p>Poco a poco iremos subiendo nuevas partidas de UF Challenge con retos que podr\u00e1n a prueba tu capacidad como m\u00e1nager en UNIFUTBOL\u00ae.<\/p>\n<h3><span style=\"font-family: bankgothic-mt;\">\u00bfC\u00f3mo cargo una partida guardada de otro PC o de UF-Challenge?:<\/span><\/h3>\n<p>En el <a href=\"https:\/\/www.unifutbol.com\/blog\/como-cargo-una-partida-guardada-de-otro-pc-o-de-uf-challenge\/\">siguiente post<\/a> de Rub\u00e9n, explica como hacerlo, es muy sencillo. Para cualquier duda preg\u00fantanos en socialmedia@unifutbol.com o en cualquiera de nuestras redes sociales.<\/p>\n<h3><span style=\"font-family: bankgothic-mt;\">RETOS:<\/span><\/h3>\n<ul>\n<li style=\"padding-left: 15px;\">\n<h4><span style=\"font-family: bankgothic-mt;\">Gana un trofeo con AD Unifutbol:<\/span><\/h4>\n<\/li>\n<\/ul>\n<p style=\"padding-left: 60px;\">Gana un trofeo con el equipo de Unifutbol. Un equipo que empezar\u00e1 en 2\u00aaB pero est\u00e1 lleno de j\u00f3venes talentos. Recuerda que NO podr\u00e1s hacer fichajes, deber\u00e1s mantener todo el bloque desde 2\u00aaB hasta tu trofeo. MODIFICACI\u00d3N: ya que algunos jugadores empiezan a envejecer r\u00e1pidamente, <strong>solamente<\/strong> se podr\u00e1n utilizar jugadores de tu cantera en sustituci\u00f3n del jugador a rescindir o vender.<\/p>\n<p style=\"padding-left: 60px;\"><strong>Enl<\/strong><strong>ace de descarga<\/strong>: <a href=\"https:\/\/www.unifutbol.com\/blog\/wp-content\/uploads\/2017\/01\/UF.Challenge.2.gana-un-trofeo.rar\">Pulsa aqu\u00ed para descargar la partida<\/a><\/p>\n<p style=\"padding-left: 60px;\"><strong>Objetivos:<\/strong>\u00a0Ganar un trofeo con AD Unifutbol<\/p>\n<p style=\"padding-left: 60px;\"><strong>Versi\u00f3n: <\/strong>Beta 1.0.9\u00a0v4.<\/p>\n<p style=\"padding-left: 60px;\"><img loading=\"lazy\" decoding=\"async\" class=\"aligncenter wp-image-317\" src=\"https:\/\/www.unifutbol.com\/blog\/wp-content\/uploads\/2017\/01\/Captura-300x225.jpg\" alt=\"\" width=\"417\" height=\"313\" srcset=\"https:\/\/www.unifutbol.com\/blog\/wp-content\/uploads\/2017\/01\/Captura-300x225.jpg 300w, https:\/\/www.unifutbol.com\/blog\/wp-content\/uploads\/2017\/01\/Captura-768x575.jpg 768w, https:\/\/www.unifutbol.com\/blog\/wp-content\/uploads\/2017\/01\/Captura-400x300.jpg 400w, https:\/\/www.unifutbol.com\/blog\/wp-content\/uploads\/2017\/01\/Captura.jpg 800w\" sizes=\"auto, (max-width: 417px) 100vw, 417px\" \/><\/p>\n<ul>\n<li style=\"padding-left: 15px;\">\n<h4><span style=\"font-family: bankgothic-mt;\">Clasifica para Champions al Sevilla F.C:<\/span><\/h4>\n<\/li>\n<\/ul>\n<p style=\"padding-left: 60px;\">Te reto a que consigas cumplir el objetivo con mi partida que he jugado en la serie emitida en directo en YouTube con el Sevilla.<\/p>\n<p style=\"padding-left: 60px;\"><strong>Lista de reproducci\u00f3n de la serie: <\/strong>https:\/\/goo.gl\/CS6zrE<\/p>\n<p style=\"padding-left: 60px;\"><strong>Enl<\/strong><strong>ace de descarga<\/strong>:\u00a0<a href=\"http:\/\/unifutbol.com\/descargas\/uf.challenge\/UF.Challenge.1.SevillaFC.rar\" target=\"_blank\">Pulsa aqu\u00ed para descargar la partida.<\/a><\/p>\n<p style=\"padding-left: 60px;\"><strong>Objetivos:<\/strong> clasificar al Sevilla en Champions para la siguiente temporada.<\/p>\n<p style=\"padding-left: 60px;\"><strong>Versi\u00f3n: <\/strong>Beta 1.0.9\u00a0v4.<\/p>\n<p style=\"padding-left: 60px;\"><img loading=\"lazy\" decoding=\"async\" class=\"aligncenter wp-image-340\" src=\"https:\/\/www.unifutbol.com\/blog\/wp-content\/uploads\/2017\/01\/objet-1-300x226.png\" alt=\"\" width=\"412\" height=\"311\" srcset=\"https:\/\/www.unifutbol.com\/blog\/wp-content\/uploads\/2017\/01\/objet-1-300x226.png 300w, https:\/\/www.unifutbol.com\/blog\/wp-content\/uploads\/2017\/01\/objet-1-768x578.png 768w, https:\/\/www.unifutbol.com\/blog\/wp-content\/uploads\/2017\/01\/objet-1-400x301.png 400w, https:\/\/www.unifutbol.com\/blog\/wp-content\/uploads\/2017\/01\/objet-1.png 800w\" sizes=\"auto, (max-width: 412px) 100vw, 412px\" \/><\/p>\n","protected":false},"excerpt":{"rendered":"<p>UF-Challenge es una nueva iniciativa del equipo UNIFUTBOL\u00ae. Ponemos a tu disposici\u00f3n partidas descargables para que las abras en tu juego, y demuestres lo que vales cumpliendo los objetivos marcados: salvar a un equipo en situaci\u00f3n cr\u00edtica del descenso, ganar la Champions remontando una eliminatoria complicada, o continuar nuestras partidas de los directos son s\u00f3lo&hellip; <\/p>\n<p class=\"more-link-p\"><a class=\"more-link\" href=\"https:\/\/www.unifutbol.com\/blog\/uf-challenge\/\">Continue reading <span class=\"meta-nav\">&rarr;<\/span><\/a><\/p>\n","protected":false},"author":2,"featured_media":240,"parent":0,"menu_order":0,"comment_status":"closed","ping_status":"closed","template":"","meta":{"footnotes":""},"class_list":["post-186","page","type-page","status-publish","has-post-thumbnail","hentry","xfolkentry","clearfix"],"_links":{"self":[{"href":"https:\/\/www.unifutbol.com\/blog\/wp-json\/wp\/v2\/pages\/186","targetHints":{"allow":["GET"]}}],"collection":[{"href":"https:\/\/www.unifutbol.com\/blog\/wp-json\/wp\/v2\/pages"}],"about":[{"href":"https:\/\/www.unifutbol.com\/blog\/wp-json\/wp\/v2\/types\/page"}],"author":[{"embeddable":true,"href":"https:\/\/www.unifutbol.com\/blog\/wp-json\/wp\/v2\/users\/2"}],"replies":[{"embeddable":true,"href":"https:\/\/www.unifutbol.com\/blog\/wp-json\/wp\/v2\/comments?post=186"}],"version-history":[{"count":15,"href":"https:\/\/www.unifutbol.com\/blog\/wp-json\/wp\/v2\/pages\/186\/revisions"}],"predecessor-version":[{"id":349,"href":"https:\/\/www.unifutbol.com\/blog\/wp-json\/wp\/v2\/pages\/186\/revisions\/349"}],"wp:featuredmedia":[{"embeddable":true,"href":"https:\/\/www.unifutbol.com\/blog\/wp-json\/wp\/v2\/media\/240"}],"wp:attachment":[{"href":"https:\/\/www.unifutbol.com\/blog\/wp-json\/wp\/v2\/media?parent=186"}],"curies":[{"name":"wp","href":"https:\/\/api.w.org\/{rel}","templated":true}]}}